{"id":5044,"date":"2022-11-28T09:46:32","date_gmt":"2022-11-28T09:46:32","guid":{"rendered":"https:\/\/demo2.cloudwp.dev\/trial-0tt28w63\/?page_id=5044"},"modified":"2022-12-02T10:50:46","modified_gmt":"2022-12-02T10:50:46","slug":"new-fr-country-in-mirande","status":"publish","type":"page","link":"https:\/\/saintseverdespyrenees.com\/?page_id=5044","title":{"rendered":"(new) (FR) Country in Mirande"},"content":{"rendered":"\t\t<div data-elementor-type=\"wp-page\" data-elementor-id=\"5044\" class=\"elementor elementor-5044\">\n\t\t\t\t\t\t<section class=\"elementor-section elementor-top-section elementor-element elementor-element-i9lupce elementor-section-content-middle elementor-section-height-min-height elementor-section-boxed elementor-section-height-default elementor-section-items-middle wpr-particle-no wpr-jarallax-no wpr-parallax-no wpr-sticky-section-no wpr-column-slider-no wpr-equal-height-no\" data-id=\"i9lupce\" data-element_type=\"section\" data-e-type=\"section\" data-settings=\"{&quot;background_background&quot;:&quot;classic&quot;}\">\n\t\t\t\t\t\t\t<div class=\"elementor-background-overlay\"><\/div>\n\t\t\t\t\t\t\t<div class=\"elementor-container elementor-column-gap-default\">\n\t\t\t\t\t<div class=\"elementor-column elementor-col-100 elementor-top-column elementor-element elementor-element-6ed6cac\" data-id=\"6ed6cac\" data-element_type=\"column\" data-e-type=\"column\">\n\t\t\t<div class=\"elementor-widget-wrap elementor-element-populated\">\n\t\t\t\t\t\t<div class=\"elementor-element elementor-element-285c924 elementor-widget elementor-widget-heading\" data-id=\"285c924\" data-element_type=\"widget\" data-e-type=\"widget\" data-widget_type=\"heading.default\">\n\t\t\t\t<div class=\"elementor-widget-container\">\n\t\t\t\t\t<h1 class=\"elementor-heading-title elementor-size-default\">Country \u00e0 Mirande\n<\/h1>\t\t\t\t<\/div>\n\t\t\t\t<\/div>\n\t\t\t\t\t<\/div>\n\t\t<\/div>\n\t\t\t\t\t<\/div>\n\t\t<\/section>\n\t\t\t\t<section class=\"elementor-section elementor-top-section elementor-element elementor-element-qh7fmgk elementor-section-height-min-height elementor-section-boxed elementor-section-height-default elementor-section-items-middle wpr-particle-no wpr-jarallax-no wpr-parallax-no wpr-sticky-section-no wpr-column-slider-no wpr-equal-height-no\" data-id=\"qh7fmgk\" data-element_type=\"section\" data-e-type=\"section\">\n\t\t\t\t\t\t<div class=\"elementor-container elementor-column-gap-default\">\n\t\t\t\t\t<div class=\"elementor-column elementor-col-100 elementor-top-column elementor-element elementor-element-827726c\" data-id=\"827726c\" data-element_type=\"column\" data-e-type=\"column\">\n\t\t\t<div class=\"elementor-widget-wrap elementor-element-populated\">\n\t\t\t\t\t\t<div class=\"elementor-element elementor-element-64c0bdc elementor-widget elementor-widget-heading\" data-id=\"64c0bdc\" data-element_type=\"widget\" data-e-type=\"widget\" data-widget_type=\"heading.default\">\n\t\t\t\t<div class=\"elementor-widget-container\">\n\t\t\t\t\t<h2 class=\"elementor-heading-title elementor-size-default\">Country \u00e0 Mirande\n<\/h2>\t\t\t\t<\/div>\n\t\t\t\t<\/div>\n\t\t\t\t<div class=\"elementor-element elementor-element-62c257c elementor-widget elementor-widget-text-editor\" data-id=\"62c257c\" data-element_type=\"widget\" data-e-type=\"widget\" data-widget_type=\"text-editor.default\">\n\t\t\t\t<div class=\"elementor-widget-container\">\n\t\t\t\t\t\t\t\t\t<p>Celui-ci est pour les amateurs de tout am\u00e9ricain, pays et occidental!<\/p><p><a href=\"https:\/\/www.countryinmirande.com\/\" target=\"_blank\" rel=\"noopener noreferrer\">Le festival de Country \u00e0 Mirande<\/a>\u00a0commence le vendredi matin et se termine le dimanche. \u00ab\u00a0Country In Mirande\u00a0\u00bb fait revivre le concept d\u2019un festival populaire, centr\u00e9 sur la musique country, renfor\u00e7ant Mirande en tant que capitale de la musique country du Sud-Ouest avec 13 concerts en plein air, motos et voitures am\u00e9ricaines, chevaux, cow-boys et indiens, tir \u00e0 l\u2019arc, jeux de lasso, une atmosph\u00e8re v\u00e9ritablement occidentale et, bien s\u00fbr, des danses country.<\/p>\t\t\t\t\t\t\t\t<\/div>\n\t\t\t\t<\/div>\n\t\t\t\t\t<\/div>\n\t\t<\/div>\n\t\t\t\t\t<\/div>\n\t\t<\/section>\n\t\t\t\t<section class=\"elementor-section elementor-top-section elementor-element elementor-element-00b54a9 elementor-section-boxed elementor-section-height-default elementor-section-height-default wpr-particle-no wpr-jarallax-no wpr-parallax-no wpr-sticky-section-no wpr-column-slider-no wpr-equal-height-no\" data-id=\"00b54a9\" data-element_type=\"section\" data-e-type=\"section\">\n\t\t\t\t\t\t<div class=\"elementor-container elementor-column-gap-default\">\n\t\t\t\t\t<div class=\"elementor-column elementor-col-50 elementor-top-column elementor-element elementor-element-95cfb09\" data-id=\"95cfb09\" data-element_type=\"column\" data-e-type=\"column\">\n\t\t\t<div class=\"elementor-widget-wrap elementor-element-populated\">\n\t\t\t\t\t\t<div class=\"elementor-element elementor-element-74d2713 elementor-widget elementor-widget-text-editor\" data-id=\"74d2713\" data-element_type=\"widget\" data-e-type=\"widget\" data-widget_type=\"text-editor.default\">\n\t\t\t\t<div class=\"elementor-widget-container\">\n\t\t\t\t\t\t\t\t\t<p>Le samedi, il y a le Springboard, un concours de musique country avec 3 groupes en comp\u00e9tition, chacun jouant \u00e0 tour de r\u00f4le. Le gagnant jouera sur la grande sc\u00e8ne dimanche et ouvrira le festival l\u2019ann\u00e9e prochaine! Les 2 finalistes joueront place d\u2019Astarac le m\u00eame jour.<\/p><p>Le festival comprend des concerts d\u2019artistes de musique country bien connus, des apparitions d\u2019\u00e9toiles de la sc\u00e8ne et de la t\u00e9l\u00e9vision, des d\u00e9fil\u00e9s, des voitures, des motos, des chevaux, de la danse country, des bars, des restaurants, des magasins \u2013 tout pour les fans de musique country!<\/p>\t\t\t\t\t\t\t\t<\/div>\n\t\t\t\t<\/div>\n\t\t\t\t\t<\/div>\n\t\t<\/div>\n\t\t\t\t<div class=\"elementor-column elementor-col-50 elementor-top-column elementor-element elementor-element-a4f8e11\" data-id=\"a4f8e11\" data-element_type=\"column\" data-e-type=\"column\">\n\t\t\t<div class=\"elementor-widget-wrap elementor-element-populated\">\n\t\t\t\t\t\t<div class=\"elementor-element elementor-element-60a5298 elementor-widget elementor-widget-image\" data-id=\"60a5298\" data-element_type=\"widget\" data-e-type=\"widget\" data-widget_type=\"image.default\">\n\t\t\t\t<div class=\"elementor-widget-container\">\n\t\t\t\t\t\t\t\t\t\t\t\t\t\t\t<img fetchpriority=\"high\" decoding=\"async\" width=\"540\" height=\"360\" src=\"https:\/\/saintseverdespyrenees.com\/wp-content\/uploads\/2022\/11\/country-mirande2.jpg\" class=\"attachment-large size-large wp-image-4852\" alt=\"\" srcset=\"https:\/\/saintseverdespyrenees.com\/wp-content\/uploads\/2022\/11\/country-mirande2.jpg 540w, https:\/\/saintseverdespyrenees.com\/wp-content\/uploads\/2022\/11\/country-mirande2-300x200.jpg 300w\" sizes=\"(max-width: 540px) 100vw, 540px\" \/>\t\t\t\t\t\t\t\t\t\t\t\t\t\t\t<\/div>\n\t\t\t\t<\/div>\n\t\t\t\t\t<\/div>\n\t\t<\/div>\n\t\t\t\t\t<\/div>\n\t\t<\/section>\n\t\t\t\t<\/div>\n\t\t","protected":false},"excerpt":{"rendered":"<p>Country \u00e0 Mirande Country \u00e0 Mirande Celui-ci est pour les amateurs de tout am\u00e9ricain, pays et occidental! Le festival de Country \u00e0 Mirande\u00a0commence le vendredi matin et se termine le dimanche. \u00ab\u00a0Country In Mirande\u00a0\u00bb fait revivre le concept d\u2019un festival populaire, centr\u00e9 sur la musique country, renfor\u00e7ant Mirande en tant que capitale de la musique country du Sud-Ouest avec 13 concerts en plein air, motos et voitures am\u00e9ricaines, chevaux, cow-boys et indiens, tir \u00e0 l\u2019arc, jeux de lasso, une atmosph\u00e8re v\u00e9ritablement occidentale et, bien s\u00fbr, des danses country. Le samedi, il y a le Springboard, un concours de musique country avec 3 groupes en comp\u00e9tition, chacun jouant \u00e0 tour de r\u00f4le. Le gagnant jouera sur la grande sc\u00e8ne dimanche et ouvrira le festival l\u2019ann\u00e9e prochaine! Les 2 finalistes joueront place d\u2019Astarac le m\u00eame jour. Le festival comprend des concerts d\u2019artistes de musique country bien connus, des apparitions d\u2019\u00e9toiles de la sc\u00e8ne et de la t\u00e9l\u00e9vision, des d\u00e9fil\u00e9s, des voitures, des motos, des chevaux, de la danse country, des bars, des restaurants, des magasins \u2013 tout pour les fans de musique country!<\/p>\n","protected":false},"author":1,"featured_media":0,"parent":0,"menu_order":0,"comment_status":"closed","ping_status":"closed","template":"","meta":{"footnotes":""},"class_list":["post-5044","page","type-page","status-publish","hentry"],"_links":{"self":[{"href":"https:\/\/saintseverdespyrenees.com\/index.php?rest_route=\/wp\/v2\/pages\/5044","targetHints":{"allow":["GET"]}}],"collection":[{"href":"https:\/\/saintseverdespyrenees.com\/index.php?rest_route=\/wp\/v2\/pages"}],"about":[{"href":"https:\/\/saintseverdespyrenees.com\/index.php?rest_route=\/wp\/v2\/types\/page"}],"author":[{"embeddable":true,"href":"https:\/\/saintseverdespyrenees.com\/index.php?rest_route=\/wp\/v2\/users\/1"}],"replies":[{"embeddable":true,"href":"https:\/\/saintseverdespyrenees.com\/index.php?rest_route=%2Fwp%2Fv2%2Fcomments&post=5044"}],"version-history":[{"count":1,"href":"https:\/\/saintseverdespyrenees.com\/index.php?rest_route=\/wp\/v2\/pages\/5044\/revisions"}],"predecessor-version":[{"id":5437,"href":"https:\/\/saintseverdespyrenees.com\/index.php?rest_route=\/wp\/v2\/pages\/5044\/revisions\/5437"}],"wp:attachment":[{"href":"https:\/\/saintseverdespyrenees.com\/index.php?rest_route=%2Fwp%2Fv2%2Fmedia&parent=5044"}],"curies":[{"name":"wp","href":"https:\/\/api.w.org\/{rel}","templated":true}]}}