{"id":5060,"date":"2022-11-28T09:55:23","date_gmt":"2022-11-28T09:55:23","guid":{"rendered":"https:\/\/demo2.cloudwp.dev\/trial-0tt28w63\/?page_id=5060"},"modified":"2022-12-02T10:51:05","modified_gmt":"2022-12-02T10:51:05","slug":"new-fr-jazz-in-marciac","status":"publish","type":"page","link":"https:\/\/saintseverdespyrenees.com\/?page_id=5060","title":{"rendered":"(new) (FR) Jazz in Marciac"},"content":{"rendered":"\t\t<div data-elementor-type=\"wp-page\" data-elementor-id=\"5060\" class=\"elementor elementor-5060\">\n\t\t\t\t\t\t<section class=\"elementor-section elementor-top-section elementor-element elementor-element-i9lupce elementor-section-content-middle elementor-section-height-min-height elementor-section-boxed elementor-section-height-default elementor-section-items-middle wpr-particle-no wpr-jarallax-no wpr-parallax-no wpr-sticky-section-no wpr-equal-height-no\" data-id=\"i9lupce\" data-element_type=\"section\" data-e-type=\"section\" data-settings=\"{&quot;background_background&quot;:&quot;classic&quot;}\">\n\t\t\t\t\t\t\t<div class=\"elementor-background-overlay\"><\/div>\n\t\t\t\t\t\t\t<div class=\"elementor-container elementor-column-gap-default\">\n\t\t\t\t\t<div class=\"elementor-column elementor-col-100 elementor-top-column elementor-element elementor-element-6ed6cac\" data-id=\"6ed6cac\" data-element_type=\"column\" data-e-type=\"column\">\n\t\t\t<div class=\"elementor-widget-wrap elementor-element-populated\">\n\t\t\t\t\t\t<div class=\"elementor-element elementor-element-285c924 elementor-widget elementor-widget-heading\" data-id=\"285c924\" data-element_type=\"widget\" data-e-type=\"widget\" data-widget_type=\"heading.default\">\n\t\t\t\t<div class=\"elementor-widget-container\">\n\t\t\t\t\t<h1 class=\"elementor-heading-title elementor-size-default\">Jazz in Marciac<\/h1>\t\t\t\t<\/div>\n\t\t\t\t<\/div>\n\t\t\t\t\t<\/div>\n\t\t<\/div>\n\t\t\t\t\t<\/div>\n\t\t<\/section>\n\t\t\t\t<section class=\"elementor-section elementor-top-section elementor-element elementor-element-qh7fmgk elementor-section-height-min-height elementor-section-boxed elementor-section-height-default elementor-section-items-middle wpr-particle-no wpr-jarallax-no wpr-parallax-no wpr-sticky-section-no wpr-equal-height-no\" data-id=\"qh7fmgk\" data-element_type=\"section\" data-e-type=\"section\">\n\t\t\t\t\t\t<div class=\"elementor-container elementor-column-gap-default\">\n\t\t\t\t\t<div class=\"elementor-column elementor-col-100 elementor-top-column elementor-element elementor-element-827726c\" data-id=\"827726c\" data-element_type=\"column\" data-e-type=\"column\">\n\t\t\t<div class=\"elementor-widget-wrap elementor-element-populated\">\n\t\t\t\t\t\t<div class=\"elementor-element elementor-element-64c0bdc elementor-widget elementor-widget-heading\" data-id=\"64c0bdc\" data-element_type=\"widget\" data-e-type=\"widget\" data-widget_type=\"heading.default\">\n\t\t\t\t<div class=\"elementor-widget-container\">\n\t\t\t\t\t<h2 class=\"elementor-heading-title elementor-size-default\">Jazz in Marciac\n<\/h2>\t\t\t\t<\/div>\n\t\t\t\t<\/div>\n\t\t\t\t<div class=\"elementor-element elementor-element-62c257c elementor-widget elementor-widget-text-editor\" data-id=\"62c257c\" data-element_type=\"widget\" data-e-type=\"widget\" data-widget_type=\"text-editor.default\">\n\t\t\t\t<div class=\"elementor-widget-container\">\n\t\t\t\t\t\t\t\t\t<p>Jazz in Marciac est un festival de jazz de renomm\u00e9e internationale qui se d\u00e9roule sur une p\u00e9riode de trois semaines, g\u00e9n\u00e9ralement de la fin juillet \u00e0 la mi-ao\u00fbt, dans la ville de Marciac.\u00a0<a href=\"http:\/\/www.jazzinmarciac.com\/\" target=\"_blank\" rel=\"noopener noreferrer\">Jazz In Marciac<\/a>\u00a0a \u00e9t\u00e9 cr\u00e9\u00e9 en 1978 \u00e0 l\u2019initiative d\u2019une poign\u00e9e de fans, \u00e0 la suite d\u2019un concert de Bill Coleman.<\/p><p>Initialement d\u00e9di\u00e9 au jazz traditionnel, le festival est devenu l\u2019un des plus importants en France et en Europe. Il accueille environ 200 000 visiteurs chaque ann\u00e9e (225 000 en 2010). Lors du concert de Carlos Santana (\u00e9dition 2018), la tente a pu accueillir plus de 10 000 personnes! Depuis l\u2019inauguration du Astrada Hall en mai 2011, Jazz In Marciac propose \u00e9galement une saison culturelle en dehors des trois semaines du festival.<\/p>\t\t\t\t\t\t\t\t<\/div>\n\t\t\t\t<\/div>\n\t\t\t\t\t<\/div>\n\t\t<\/div>\n\t\t\t\t\t<\/div>\n\t\t<\/section>\n\t\t\t\t<section class=\"elementor-section elementor-top-section elementor-element elementor-element-00b54a9 elementor-section-boxed elementor-section-height-default elementor-section-height-default wpr-particle-no wpr-jarallax-no wpr-parallax-no wpr-sticky-section-no wpr-equal-height-no\" data-id=\"00b54a9\" data-element_type=\"section\" data-e-type=\"section\">\n\t\t\t\t\t\t<div class=\"elementor-container elementor-column-gap-default\">\n\t\t\t\t\t<div class=\"elementor-column elementor-col-50 elementor-top-column elementor-element elementor-element-95cfb09\" data-id=\"95cfb09\" data-element_type=\"column\" data-e-type=\"column\">\n\t\t\t<div class=\"elementor-widget-wrap elementor-element-populated\">\n\t\t\t\t\t\t<div class=\"elementor-element elementor-element-74d2713 elementor-widget elementor-widget-text-editor\" data-id=\"74d2713\" data-element_type=\"widget\" data-e-type=\"widget\" data-widget_type=\"text-editor.default\">\n\t\t\t\t<div class=\"elementor-widget-container\">\n\t\t\t\t\t\t\t\t\t<p>Pendant le festival, la place principale, qui a conserv\u00e9 son architecture historique et ses arcades m\u00e9di\u00e9vales, accueille en son centre le festival sous une immense toile. Les principaux concerts ont lieu le soir sous une tente g\u00e9ante pouvant accueillir entre 5 000 et 6 000 personnes. De nombreux traiteurs, restaurants ou tavernes s\u2019installent \u00e0 cette occasion pour proposer des repas accompagn\u00e9s de musiciens. La ville est remplie de stands offrant tout, du henn\u00e9 indien aux t-shirts de Louis Armstrong!<\/p><p>Wynton Marsalis, trompettiste et ambassadeur du festival (\u00e0 la suite de Bill Coleman et Guy Lafitte), est pr\u00e9sent \u00e0 toutes les \u00e9ditions depuis 1991. Il a \u00e9crit une suite Marciac. Une statue \u00e0 son effigie a \u00e9t\u00e9 \u00e9rig\u00e9e sur le pavillon de la salle Astrada.<\/p>\t\t\t\t\t\t\t\t<\/div>\n\t\t\t\t<\/div>\n\t\t\t\t\t<\/div>\n\t\t<\/div>\n\t\t\t\t<div class=\"elementor-column elementor-col-50 elementor-top-column elementor-element elementor-element-a4f8e11\" data-id=\"a4f8e11\" data-element_type=\"column\" data-e-type=\"column\">\n\t\t\t<div class=\"elementor-widget-wrap elementor-element-populated\">\n\t\t\t\t\t\t<div class=\"elementor-element elementor-element-60a5298 elementor-widget elementor-widget-image\" data-id=\"60a5298\" data-element_type=\"widget\" data-e-type=\"widget\" data-widget_type=\"image.default\">\n\t\t\t\t<div class=\"elementor-widget-container\">\n\t\t\t\t\t\t\t\t\t\t\t\t\t\t\t<img decoding=\"async\" src=\"https:\/\/demo2.cloudwp.dev\/trial-0tt28w63\/wp-content\/uploads\/2022\/11\/jazz_in_marciac.jpg\" title=\"\" alt=\"\" loading=\"lazy\" \/>\t\t\t\t\t\t\t\t\t\t\t\t\t\t\t<\/div>\n\t\t\t\t<\/div>\n\t\t\t\t\t<\/div>\n\t\t<\/div>\n\t\t\t\t\t<\/div>\n\t\t<\/section>\n\t\t\t\t<\/div>\n\t\t","protected":false},"excerpt":{"rendered":"<p>Jazz in Marciac Jazz in Marciac Jazz in Marciac est un festival de jazz de renomm\u00e9e internationale qui se d\u00e9roule sur une p\u00e9riode de trois semaines, g\u00e9n\u00e9ralement de la fin juillet \u00e0 la mi-ao\u00fbt, dans la ville de Marciac.\u00a0Jazz In Marciac\u00a0a \u00e9t\u00e9 cr\u00e9\u00e9 en 1978 \u00e0 l\u2019initiative d\u2019une poign\u00e9e de fans, \u00e0 la suite d\u2019un concert de Bill Coleman. Initialement d\u00e9di\u00e9 au jazz traditionnel, le festival est devenu l\u2019un des plus importants en France et en Europe. Il accueille environ 200 000 visiteurs chaque ann\u00e9e (225 000 en 2010). Lors du concert de Carlos Santana (\u00e9dition 2018), la tente a pu accueillir plus de 10 000 personnes! Depuis l\u2019inauguration du Astrada Hall en mai 2011, Jazz In Marciac propose \u00e9galement une saison culturelle en dehors des trois semaines du festival. Pendant le festival, la place principale, qui a conserv\u00e9 son architecture historique et ses arcades m\u00e9di\u00e9vales, accueille en son centre le festival sous une immense toile. Les principaux concerts ont lieu le soir sous une tente g\u00e9ante pouvant accueillir entre 5 000 et 6 000 personnes. De nombreux traiteurs, restaurants ou tavernes s\u2019installent \u00e0 cette occasion pour proposer des repas accompagn\u00e9s de musiciens. La ville est remplie de stands offrant tout, du henn\u00e9 indien aux t-shirts de Louis Armstrong! Wynton Marsalis, trompettiste et ambassadeur du festival (\u00e0 la suite de Bill Coleman et Guy Lafitte), est pr\u00e9sent \u00e0 toutes les \u00e9ditions depuis 1991. Il a \u00e9crit une suite Marciac. Une statue \u00e0 son effigie a \u00e9t\u00e9 \u00e9rig\u00e9e sur le pavillon de la salle Astrada.<\/p>\n","protected":false},"author":1,"featured_media":0,"parent":0,"menu_order":0,"comment_status":"closed","ping_status":"closed","template":"","meta":{"footnotes":""},"class_list":["post-5060","page","type-page","status-publish","hentry"],"_links":{"self":[{"href":"https:\/\/saintseverdespyrenees.com\/index.php?rest_route=\/wp\/v2\/pages\/5060","targetHints":{"allow":["GET"]}}],"collection":[{"href":"https:\/\/saintseverdespyrenees.com\/index.php?rest_route=\/wp\/v2\/pages"}],"about":[{"href":"https:\/\/saintseverdespyrenees.com\/index.php?rest_route=\/wp\/v2\/types\/page"}],"author":[{"embeddable":true,"href":"https:\/\/saintseverdespyrenees.com\/index.php?rest_route=\/wp\/v2\/users\/1"}],"replies":[{"embeddable":true,"href":"https:\/\/saintseverdespyrenees.com\/index.php?rest_route=%2Fwp%2Fv2%2Fcomments&post=5060"}],"version-history":[{"count":1,"href":"https:\/\/saintseverdespyrenees.com\/index.php?rest_route=\/wp\/v2\/pages\/5060\/revisions"}],"predecessor-version":[{"id":5439,"href":"https:\/\/saintseverdespyrenees.com\/index.php?rest_route=\/wp\/v2\/pages\/5060\/revisions\/5439"}],"wp:attachment":[{"href":"https:\/\/saintseverdespyrenees.com\/index.php?rest_route=%2Fwp%2Fv2%2Fmedia&parent=5060"}],"curies":[{"name":"wp","href":"https:\/\/api.w.org\/{rel}","templated":true}]}}