{"id":5256,"date":"2022-11-28T13:01:07","date_gmt":"2022-11-28T13:01:07","guid":{"rendered":"https:\/\/demo2.cloudwp.dev\/trial-0tt28w63\/?page_id=5256"},"modified":"2022-12-03T05:15:54","modified_gmt":"2022-12-03T05:15:54","slug":"new-fr-the-region","status":"publish","type":"page","link":"https:\/\/saintseverdespyrenees.com\/?page_id=5256","title":{"rendered":"(new) (FR) The Region"},"content":{"rendered":"\t\t<div data-elementor-type=\"wp-page\" data-elementor-id=\"5256\" class=\"elementor elementor-5256\">\n\t\t\t\t\t\t<section class=\"elementor-section elementor-top-section elementor-element elementor-element-i9lupce elementor-section-content-middle elementor-section-height-min-height elementor-section-boxed elementor-section-height-default elementor-section-items-middle wpr-particle-no wpr-jarallax-no wpr-parallax-no wpr-sticky-section-no wpr-equal-height-no\" data-id=\"i9lupce\" data-element_type=\"section\" data-e-type=\"section\" data-settings=\"{&quot;background_background&quot;:&quot;classic&quot;}\">\n\t\t\t\t\t\t\t<div class=\"elementor-background-overlay\"><\/div>\n\t\t\t\t\t\t\t<div class=\"elementor-container elementor-column-gap-default\">\n\t\t\t\t\t<div class=\"elementor-column elementor-col-100 elementor-top-column elementor-element elementor-element-6ed6cac\" data-id=\"6ed6cac\" data-element_type=\"column\" data-e-type=\"column\">\n\t\t\t<div class=\"elementor-widget-wrap elementor-element-populated\">\n\t\t\t\t\t\t<div class=\"elementor-element elementor-element-285c924 elementor-widget elementor-widget-heading\" data-id=\"285c924\" data-element_type=\"widget\" data-e-type=\"widget\" data-widget_type=\"heading.default\">\n\t\t\t\t<div class=\"elementor-widget-container\">\n\t\t\t\t\t<h1 class=\"elementor-heading-title elementor-size-default\">La R\u00e9gion\n<\/h1>\t\t\t\t<\/div>\n\t\t\t\t<\/div>\n\t\t\t\t\t<\/div>\n\t\t<\/div>\n\t\t\t\t\t<\/div>\n\t\t<\/section>\n\t\t\t\t<section class=\"elementor-section elementor-top-section elementor-element elementor-element-e7ef779 elementor-section-boxed elementor-section-height-default elementor-section-height-default wpr-particle-no wpr-jarallax-no wpr-parallax-no wpr-sticky-section-no wpr-equal-height-no\" data-id=\"e7ef779\" data-element_type=\"section\" data-e-type=\"section\">\n\t\t\t\t\t\t<div class=\"elementor-container elementor-column-gap-default\">\n\t\t\t\t\t<div class=\"elementor-column elementor-col-100 elementor-top-column elementor-element elementor-element-1a7aaed\" data-id=\"1a7aaed\" data-element_type=\"column\" data-e-type=\"column\">\n\t\t\t<div class=\"elementor-widget-wrap elementor-element-populated\">\n\t\t\t\t\t\t<section class=\"elementor-section elementor-inner-section elementor-element elementor-element-62e8a12 elementor-section-boxed elementor-section-height-default elementor-section-height-default wpr-particle-no wpr-jarallax-no wpr-parallax-no wpr-sticky-section-no wpr-equal-height-no\" data-id=\"62e8a12\" data-element_type=\"section\" data-e-type=\"section\">\n\t\t\t\t\t\t<div class=\"elementor-container elementor-column-gap-default\">\n\t\t\t\t\t<div class=\"elementor-column elementor-col-33 elementor-inner-column elementor-element elementor-element-8fcbb14\" data-id=\"8fcbb14\" data-element_type=\"column\" data-e-type=\"column\">\n\t\t\t<div class=\"elementor-widget-wrap elementor-element-populated\">\n\t\t\t\t\t\t<div class=\"elementor-element elementor-element-a702729 eael-infobox-content-align--left eael-infobox-shape-radius eael-infobox-hover-img-shape-square elementor-widget elementor-widget-eael-info-box\" data-id=\"a702729\" data-element_type=\"widget\" data-e-type=\"widget\" data-widget_type=\"eael-info-box.default\">\n\t\t\t\t<div class=\"elementor-widget-container\">\n\t\t\t\t\t        <div class=\"eael-infobox icon-on-top\">\n\t            <div class=\"infobox-icon\">\n\n                            <img decoding=\"async\" src=\"https:\/\/saintseverdespyrenees.com\/wp-content\/uploads\/elementor\/thumbs\/cordes-a17213f39dfcb0b9171ddc90f31b44371d2ebebd864ce459a411c2ae2d3bd272-1600x533-1-pylrsf32zvhd9uzk8nkibvttctn1xc5oxfr7wznd7k.jpg\" alt=\"\">\n            \n            \n            \n        <\/div>\n            <div class=\"infobox-content\">\n                    <div class=\"infobox-title-section\">\n                <h2 class=\"title\">Pour les Amoureux de la Culture<\/h2>            <\/div>\n            <div><p>L\u2019Occitanie (le nouveau nom de Midi-Pyr\u00e9n\u00e9es \/ Languedoc-Roussillon) compte plus de 20 grands sites touristiques de renomm\u00e9e mondiale qui pr\u00e9sentent un int\u00e9r\u00eat exceptionnel dans une r\u00e9gion occupant une grande partie du sud-ouest de la France, notamment le viaduc de Millau, le cirque de Gavarnie, Rocamadour et beaucoup plus. Baign\u00e9s de soleil, attachants et un r\u00e9gal [\u2026]<\/p><\/div>        <div class=\"infobox-button\">\n            <a class=\"eael-infobox-button\" href=\"https:\/\/saintseverdespyrenees.com\/?page_id=5055&#038;lang=fr\">\n                                                <span class=\"infobox-button-text\">En Savoir Plus<\/span>\n                            <\/a>\n        <\/div>\n            <\/div>\n            <\/div>\n\n\t\t\t\t\t\t<\/div>\n\t\t\t\t<\/div>\n\t\t\t\t\t<\/div>\n\t\t<\/div>\n\t\t\t\t<div class=\"elementor-column elementor-col-33 elementor-inner-column elementor-element elementor-element-cb96151\" data-id=\"cb96151\" data-element_type=\"column\" data-e-type=\"column\">\n\t\t\t<div class=\"elementor-widget-wrap elementor-element-populated\">\n\t\t\t\t\t\t<div class=\"elementor-element elementor-element-367a963 eael-infobox-content-align--left eael-infobox-shape-radius eael-infobox-hover-img-shape-square elementor-widget elementor-widget-eael-info-box\" data-id=\"367a963\" data-element_type=\"widget\" data-e-type=\"widget\" data-widget_type=\"eael-info-box.default\">\n\t\t\t\t<div class=\"elementor-widget-container\">\n\t\t\t\t\t        <div class=\"eael-infobox icon-on-top\">\n\t            <div class=\"infobox-icon\">\n\n                            <img decoding=\"async\" src=\"https:\/\/saintseverdespyrenees.com\/wp-content\/uploads\/elementor\/thumbs\/Cirque_de_Gavarnie_Haute-Pyrenees_France-1600x533-1-pylrtikaywzethe7u4mu8lv6b08gwmif2v5m2m0ty8.jpg\" alt=\"\">\n            \n            \n            \n        <\/div>\n            <div class=\"infobox-content\">\n                    <div class=\"infobox-title-section\">\n                <h2 class=\"title\">Les Pyr\u00e9n\u00e9es<\/h2>            <\/div>\n            <div><p>Les Pyr\u00e9n\u00e9es sont le lieu id\u00e9al pour les amoureux de la nature, il y a tant \u00e0 faire, tellement \u00e0 voir, la r\u00e9gion vous laissera sans voix, les montagnes vous couperont le souffle. Le pic du midi Profitez de la plus grande vue panoramique sur la cha\u00eene des Pyr\u00e9n\u00e9es. Ce sommet magique, accessible par t\u00e9l\u00e9ph\u00e9rique, [\u2026]<\/p><\/div>        <div class=\"infobox-button\">\n            <a class=\"eael-infobox-button\" href=\"https:\/\/saintseverdespyrenees.com\/?page_id=5081&#038;lang=fr\">\n                                                <span class=\"infobox-button-text\">En Savoir Plus<\/span>\n                            <\/a>\n        <\/div>\n            <\/div>\n            <\/div>\n\n\t\t\t\t\t\t<\/div>\n\t\t\t\t<\/div>\n\t\t\t\t\t<\/div>\n\t\t<\/div>\n\t\t\t\t<div class=\"elementor-column elementor-col-33 elementor-inner-column elementor-element elementor-element-90c9c1c\" data-id=\"90c9c1c\" data-element_type=\"column\" data-e-type=\"column\">\n\t\t\t<div class=\"elementor-widget-wrap elementor-element-populated\">\n\t\t\t\t\t\t<div class=\"elementor-element elementor-element-4663da4 eael-infobox-content-align--left eael-infobox-shape-radius eael-infobox-hover-img-shape-square elementor-widget elementor-widget-eael-info-box\" data-id=\"4663da4\" data-element_type=\"widget\" data-e-type=\"widget\" data-widget_type=\"eael-info-box.default\">\n\t\t\t\t<div class=\"elementor-widget-container\">\n\t\t\t\t\t        <div class=\"eael-infobox icon-on-top\">\n\t            <div class=\"infobox-icon\">\n\n                            <img decoding=\"async\" src=\"https:\/\/saintseverdespyrenees.com\/wp-content\/uploads\/elementor\/thumbs\/Tour-de-France-04-1600x533-1-pylruz79lmzgvn9rardy48kzkl10vobdy3osy3us9s.jpg\" alt=\"\">\n            \n            \n            \n        <\/div>\n            <div class=\"infobox-content\">\n                    <div class=\"infobox-title-section\">\n                <h2 class=\"title\">Le Tour de France<\/h2>            <\/div>\n            <div><p>Le Tour de France dans les Pyr\u00e9n\u00e9es Le Tour de France est la course de v\u00e9lo la plus c\u00e9l\u00e8bre, la plus difficile et la plus controvers\u00e9e au monde. Il se d\u00e9roule sur 23 jours et couvre plus de 3 000 km. Chaque ann\u00e9e, la course suit un parcours diff\u00e9rent, mais l\u2019arriv\u00e9e se fait toujours \u00e0 [\u2026]<\/p><\/div>        <div class=\"infobox-button\">\n            <a class=\"eael-infobox-button\" href=\"https:\/\/saintseverdespyrenees.com\/?page_id=5086&#038;lang=fr\">\n                                                <span class=\"infobox-button-text\">En Savoir Plus<\/span>\n                            <\/a>\n        <\/div>\n            <\/div>\n            <\/div>\n\n\t\t\t\t\t\t<\/div>\n\t\t\t\t<\/div>\n\t\t\t\t\t<\/div>\n\t\t<\/div>\n\t\t\t\t\t<\/div>\n\t\t<\/section>\n\t\t\t\t\t<\/div>\n\t\t<\/div>\n\t\t\t\t\t<\/div>\n\t\t<\/section>\n\t\t\t\t<\/div>\n\t\t","protected":false},"excerpt":{"rendered":"<p>La R\u00e9gion Pour les Amoureux de la Culture L\u2019Occitanie (le nouveau nom de Midi-Pyr\u00e9n\u00e9es \/ Languedoc-Roussillon) compte plus de 20 grands sites touristiques de renomm\u00e9e mondiale qui pr\u00e9sentent un int\u00e9r\u00eat exceptionnel dans une r\u00e9gion occupant une grande partie du sud-ouest de la France, notamment le viaduc de Millau, le cirque de Gavarnie, Rocamadour et beaucoup plus. Baign\u00e9s de soleil, attachants et un r\u00e9gal [\u2026] En Savoir Plus Les Pyr\u00e9n\u00e9es Les Pyr\u00e9n\u00e9es sont le lieu id\u00e9al pour les amoureux de la nature, il y a tant \u00e0 faire, tellement \u00e0 voir, la r\u00e9gion vous laissera sans voix, les montagnes vous couperont le souffle. Le pic du midi Profitez de la plus grande vue panoramique sur la cha\u00eene des Pyr\u00e9n\u00e9es. Ce sommet magique, accessible par t\u00e9l\u00e9ph\u00e9rique, [\u2026] En Savoir Plus Le Tour de France Le Tour de France dans les Pyr\u00e9n\u00e9es Le Tour de France est la course de v\u00e9lo la plus c\u00e9l\u00e8bre, la plus difficile et la plus controvers\u00e9e au monde. Il se d\u00e9roule sur 23 jours et couvre plus de 3 000 km. Chaque ann\u00e9e, la course suit un parcours diff\u00e9rent, mais l\u2019arriv\u00e9e se fait toujours \u00e0 [\u2026] En Savoir Plus<\/p>\n","protected":false},"author":1,"featured_media":0,"parent":0,"menu_order":0,"comment_status":"closed","ping_status":"closed","template":"","meta":{"footnotes":""},"class_list":["post-5256","page","type-page","status-publish","hentry"],"_links":{"self":[{"href":"https:\/\/saintseverdespyrenees.com\/index.php?rest_route=\/wp\/v2\/pages\/5256","targetHints":{"allow":["GET"]}}],"collection":[{"href":"https:\/\/saintseverdespyrenees.com\/index.php?rest_route=\/wp\/v2\/pages"}],"about":[{"href":"https:\/\/saintseverdespyrenees.com\/index.php?rest_route=\/wp\/v2\/types\/page"}],"author":[{"embeddable":true,"href":"https:\/\/saintseverdespyrenees.com\/index.php?rest_route=\/wp\/v2\/users\/1"}],"replies":[{"embeddable":true,"href":"https:\/\/saintseverdespyrenees.com\/index.php?rest_route=%2Fwp%2Fv2%2Fcomments&post=5256"}],"version-history":[{"count":8,"href":"https:\/\/saintseverdespyrenees.com\/index.php?rest_route=\/wp\/v2\/pages\/5256\/revisions"}],"predecessor-version":[{"id":5544,"href":"https:\/\/saintseverdespyrenees.com\/index.php?rest_route=\/wp\/v2\/pages\/5256\/revisions\/5544"}],"wp:attachment":[{"href":"https:\/\/saintseverdespyrenees.com\/index.php?rest_route=%2Fwp%2Fv2%2Fmedia&parent=5256"}],"curies":[{"name":"wp","href":"https:\/\/api.w.org\/{rel}","templated":true}]}}