{"id":5277,"date":"2022-11-28T13:23:06","date_gmt":"2022-11-28T13:23:06","guid":{"rendered":"https:\/\/demo2.cloudwp.dev\/trial-0tt28w63\/?page_id=5277"},"modified":"2022-12-02T13:16:59","modified_gmt":"2022-12-02T13:16:59","slug":"new-fr-swimming-pool","status":"publish","type":"page","link":"https:\/\/saintseverdespyrenees.com\/?page_id=5277","title":{"rendered":"(new) (FR) Swimming Pool"},"content":{"rendered":"\t\t<div data-elementor-type=\"wp-page\" data-elementor-id=\"5277\" class=\"elementor elementor-5277\">\n\t\t\t\t\t\t<section class=\"elementor-section elementor-top-section elementor-element elementor-element-i9lupce elementor-section-content-middle elementor-section-height-min-height elementor-section-boxed elementor-section-height-default elementor-section-items-middle wpr-particle-no wpr-jarallax-no wpr-parallax-no wpr-sticky-section-no wpr-equal-height-no\" data-id=\"i9lupce\" data-element_type=\"section\" data-e-type=\"section\" data-settings=\"{&quot;background_background&quot;:&quot;classic&quot;}\">\n\t\t\t\t\t\t\t<div class=\"elementor-background-overlay\"><\/div>\n\t\t\t\t\t\t\t<div class=\"elementor-container elementor-column-gap-default\">\n\t\t\t\t\t<div class=\"elementor-column elementor-col-100 elementor-top-column elementor-element elementor-element-6ed6cac\" data-id=\"6ed6cac\" data-element_type=\"column\" data-e-type=\"column\">\n\t\t\t<div class=\"elementor-widget-wrap elementor-element-populated\">\n\t\t\t\t\t\t<div class=\"elementor-element elementor-element-285c924 elementor-widget elementor-widget-heading\" data-id=\"285c924\" data-element_type=\"widget\" data-e-type=\"widget\" data-widget_type=\"heading.default\">\n\t\t\t\t<div class=\"elementor-widget-container\">\n\t\t\t\t\t<h1 class=\"elementor-heading-title elementor-size-default\">La Piscine\n<\/h1>\t\t\t\t<\/div>\n\t\t\t\t<\/div>\n\t\t\t\t\t<\/div>\n\t\t<\/div>\n\t\t\t\t\t<\/div>\n\t\t<\/section>\n\t\t\t\t<section class=\"elementor-section elementor-top-section elementor-element elementor-element-qh7fmgk elementor-section-height-min-height elementor-section-boxed elementor-section-height-default elementor-section-items-middle wpr-particle-no wpr-jarallax-no wpr-parallax-no wpr-sticky-section-no wpr-equal-height-no\" data-id=\"qh7fmgk\" data-element_type=\"section\" data-e-type=\"section\">\n\t\t\t\t\t\t<div class=\"elementor-container elementor-column-gap-default\">\n\t\t\t\t\t<div class=\"elementor-column elementor-col-100 elementor-top-column elementor-element elementor-element-827726c\" data-id=\"827726c\" data-element_type=\"column\" data-e-type=\"column\">\n\t\t\t<div class=\"elementor-widget-wrap elementor-element-populated\">\n\t\t\t\t\t\t<div class=\"elementor-element elementor-element-62c257c elementor-widget elementor-widget-text-editor\" data-id=\"62c257c\" data-element_type=\"widget\" data-e-type=\"widget\" data-widget_type=\"text-editor.default\">\n\t\t\t\t<div class=\"elementor-widget-container\">\n\t\t\t\t\t\t\t\t\t<p>Bien que nous souhaitions que vous profitiez de la piscine, veuillez prendre note des consignes ci-dessous, fournies pour votre s\u00e9curit\u00e9 ainsi que pour la s\u00e9curit\u00e9 de vos compagnons:<\/p><ul><li><img fetchpriority=\"high\" decoding=\"async\" class=\"alignright size-medium wp-image-291\" src=\"http:\/\/saintseverdespyrenees.com\/wp-content\/uploads\/2019\/05\/Pool-rules-217x300.png\" sizes=\"(max-width: 217px) 100vw, 217px\" srcset=\"https:\/\/saintseverdespyrenees.com\/wp-content\/uploads\/2019\/05\/Pool-rules-217x300.png 217w, https:\/\/saintseverdespyrenees.com\/wp-content\/uploads\/2019\/05\/Pool-rules.png 434w\" alt=\"\" width=\"217\" height=\"300\" \/>La piscine est uniquement pour nager et patauger\u00a0<strong>\u00e0 vos risques et p\u00e9rils<\/strong>. La profondeur de l\u2019eau est de 1,4 \u00e0 2 m\u00e8tres.<\/li><li>Il est strictement interdit de plonger, de sauter ou de glisser dans la piscine.<\/li><li>Ne laissez jamais un enfant sans surveillance. Si vous devez quitter le bord de la piscine, veuillez emmener votre enfant avec vous.<\/li><li>Il est interdit de jouer \u00e0 la vol\u00e9e, en particulier lancer ou pousser quelqu\u2019un dans la piscine.<\/li><li>Il est interdit de courir autour de la piscine car des glissades et des chutes peuvent provoquer des blessures graves.<\/li><li>Ne nagez pas lorsque vous \u00eates fatigu\u00e9, que vous vous sentez froid ou apr\u00e8s avoir pris des drogues ou de l\u2019alcool.<\/li><li>Les boissons sont autoris\u00e9es autour de la piscine, mais uniquement dans les verres en plastique fournis.<\/li><li>S\u2019il vous pla\u00eet ne pas utiliser du verre n\u2019importe o\u00f9 pr\u00e8s de la piscine. Le verre bris\u00e9 ne peut pas \u00eatre vu dans l\u2019eau, ce qui le rend difficile \u00e0 d\u00e9tecter et \u00e0 enlever. Des blessures graves et des dommages \u00e0 la piscine peuvent \u00e9galement se produire.<\/li><li>Veuillez garder tout appareil \u00e9lectrique \u00e0 l\u2019\u00e9cart de la piscine.<\/li><li>Si vous avez des infections de la peau, des oreilles, des organes g\u00e9nitaux ou d\u2019autres organes, ou des plaies, veuillez ne pas utiliser la piscine, en raison du risque de propagation de l\u2019infection.<\/li><li>Le portail de la piscine doit \u00eatre s\u00e9curis\u00e9e \u00e0 tout moment pour emp\u00eacher l\u2019entr\u00e9e d\u2019enfants sans surveillance.<\/li><\/ul><p>Mais malgr\u00e9 tout ce qui pr\u00e9c\u00e8de, surtout, amusez-vous!<\/p>\t\t\t\t\t\t\t\t<\/div>\n\t\t\t\t<\/div>\n\t\t\t\t\t<\/div>\n\t\t<\/div>\n\t\t\t\t\t<\/div>\n\t\t<\/section>\n\t\t\t\t<section class=\"elementor-section elementor-top-section elementor-element elementor-element-00bcf42 elementor-section-boxed elementor-section-height-default elementor-section-height-default wpr-particle-no wpr-jarallax-no wpr-parallax-no wpr-sticky-section-no wpr-equal-height-no\" data-id=\"00bcf42\" data-element_type=\"section\" data-e-type=\"section\">\n\t\t\t\t\t\t<div class=\"elementor-container elementor-column-gap-default\">\n\t\t\t\t\t<div class=\"elementor-column elementor-col-100 elementor-top-column elementor-element elementor-element-8203251\" data-id=\"8203251\" data-element_type=\"column\" data-e-type=\"column\">\n\t\t\t<div class=\"elementor-widget-wrap elementor-element-populated\">\n\t\t\t\t\t\t<div class=\"elementor-element elementor-element-1dc07d9 elementor-widget elementor-widget-image\" data-id=\"1dc07d9\" data-element_type=\"widget\" data-e-type=\"widget\" data-widget_type=\"image.default\">\n\t\t\t\t<div class=\"elementor-widget-container\">\n\t\t\t\t\t\t\t\t\t\t\t\t\t\t\t<img decoding=\"async\" src=\"https:\/\/demo2.cloudwp.dev\/trial-0tt28w63\/wp-content\/uploads\/2022\/11\/pool-1600-1024x638-1.jpg\" title=\"\" alt=\"\" loading=\"lazy\" \/>\t\t\t\t\t\t\t\t\t\t\t\t\t\t\t<\/div>\n\t\t\t\t<\/div>\n\t\t\t\t\t<\/div>\n\t\t<\/div>\n\t\t\t\t\t<\/div>\n\t\t<\/section>\n\t\t\t\t<\/div>\n\t\t","protected":false},"excerpt":{"rendered":"<p>La Piscine Bien que nous souhaitions que vous profitiez de la piscine, veuillez prendre note des consignes ci-dessous, fournies pour votre s\u00e9curit\u00e9 ainsi que pour la s\u00e9curit\u00e9 de vos compagnons: La piscine est uniquement pour nager et patauger&nbsp;\u00e0 vos risques et p\u00e9rils. La profondeur de l\u2019eau est de 1,4 \u00e0 2 m\u00e8tres. Il est strictement interdit de plonger, de sauter ou de glisser dans la piscine. Ne laissez jamais un enfant sans surveillance. Si vous devez quitter le bord de la piscine, veuillez emmener votre enfant avec vous. Il est interdit de jouer \u00e0 la vol\u00e9e, en particulier lancer ou pousser quelqu\u2019un dans la piscine. Il est interdit de courir autour de la piscine car des glissades et des chutes peuvent provoquer des blessures graves. Ne nagez pas lorsque vous \u00eates fatigu\u00e9, que vous vous sentez froid ou apr\u00e8s avoir pris des drogues ou de l\u2019alcool. Les boissons sont autoris\u00e9es autour de la piscine, mais uniquement dans les verres en plastique fournis. S\u2019il vous pla\u00eet ne pas utiliser du verre n\u2019importe o\u00f9 pr\u00e8s de la piscine. Le verre bris\u00e9 ne peut pas \u00eatre vu dans l\u2019eau, ce qui le rend difficile \u00e0 d\u00e9tecter et \u00e0 enlever. Des blessures graves et des dommages \u00e0 la piscine peuvent \u00e9galement se produire. Veuillez garder tout appareil \u00e9lectrique \u00e0 l\u2019\u00e9cart de la piscine. Si vous avez des infections de la peau, des oreilles, des organes g\u00e9nitaux ou d\u2019autres organes, ou des plaies, veuillez ne pas utiliser la piscine, en raison du risque de propagation de l\u2019infection. Le portail de la piscine doit \u00eatre s\u00e9curis\u00e9e \u00e0 tout moment pour emp\u00eacher l\u2019entr\u00e9e d\u2019enfants sans surveillance. Mais malgr\u00e9 tout ce qui pr\u00e9c\u00e8de, surtout, amusez-vous!<\/p>\n","protected":false},"author":1,"featured_media":0,"parent":0,"menu_order":0,"comment_status":"closed","ping_status":"closed","template":"","meta":{"footnotes":""},"class_list":["post-5277","page","type-page","status-publish","hentry"],"_links":{"self":[{"href":"https:\/\/saintseverdespyrenees.com\/index.php?rest_route=\/wp\/v2\/pages\/5277","targetHints":{"allow":["GET"]}}],"collection":[{"href":"https:\/\/saintseverdespyrenees.com\/index.php?rest_route=\/wp\/v2\/pages"}],"about":[{"href":"https:\/\/saintseverdespyrenees.com\/index.php?rest_route=\/wp\/v2\/types\/page"}],"author":[{"embeddable":true,"href":"https:\/\/saintseverdespyrenees.com\/index.php?rest_route=\/wp\/v2\/users\/1"}],"replies":[{"embeddable":true,"href":"https:\/\/saintseverdespyrenees.com\/index.php?rest_route=%2Fwp%2Fv2%2Fcomments&post=5277"}],"version-history":[{"count":2,"href":"https:\/\/saintseverdespyrenees.com\/index.php?rest_route=\/wp\/v2\/pages\/5277\/revisions"}],"predecessor-version":[{"id":5470,"href":"https:\/\/saintseverdespyrenees.com\/index.php?rest_route=\/wp\/v2\/pages\/5277\/revisions\/5470"}],"wp:attachment":[{"href":"https:\/\/saintseverdespyrenees.com\/index.php?rest_route=%2Fwp%2Fv2%2Fmedia&parent=5277"}],"curies":[{"name":"wp","href":"https:\/\/api.w.org\/{rel}","templated":true}]}}