{"id":5283,"date":"2022-11-28T13:27:15","date_gmt":"2022-11-28T13:27:15","guid":{"rendered":"https:\/\/demo2.cloudwp.dev\/trial-0tt28w63\/?page_id=5283"},"modified":"2022-12-02T10:50:40","modified_gmt":"2022-12-02T10:50:40","slug":"new-fr-covid-policy","status":"publish","type":"page","link":"https:\/\/saintseverdespyrenees.com\/?page_id=5283","title":{"rendered":"(new) (FR) Covid Policy"},"content":{"rendered":"\t\t<div data-elementor-type=\"wp-page\" data-elementor-id=\"5283\" class=\"elementor elementor-5283\">\n\t\t\t\t\t\t<section class=\"elementor-section elementor-top-section elementor-element elementor-element-i9lupce elementor-section-content-middle elementor-section-height-min-height elementor-section-boxed elementor-section-height-default elementor-section-items-middle wpr-particle-no wpr-jarallax-no wpr-parallax-no wpr-sticky-section-no\" data-id=\"i9lupce\" data-element_type=\"section\" data-e-type=\"section\" data-settings=\"{&quot;background_background&quot;:&quot;classic&quot;}\">\n\t\t\t\t\t\t\t<div class=\"elementor-background-overlay\"><\/div>\n\t\t\t\t\t\t\t<div class=\"elementor-container elementor-column-gap-default\">\n\t\t\t\t\t<div class=\"elementor-column elementor-col-100 elementor-top-column elementor-element elementor-element-6ed6cac\" data-id=\"6ed6cac\" data-element_type=\"column\" data-e-type=\"column\">\n\t\t\t<div class=\"elementor-widget-wrap elementor-element-populated\">\n\t\t\t\t\t\t<div class=\"elementor-element elementor-element-285c924 elementor-widget elementor-widget-heading\" data-id=\"285c924\" data-element_type=\"widget\" data-e-type=\"widget\" data-widget_type=\"heading.default\">\n\t\t\t\t<div class=\"elementor-widget-container\">\n\t\t\t\t\t<h1 class=\"elementor-heading-title elementor-size-default\">Notre protocole de covid-19\n<\/h1>\t\t\t\t<\/div>\n\t\t\t\t<\/div>\n\t\t\t\t\t<\/div>\n\t\t<\/div>\n\t\t\t\t\t<\/div>\n\t\t<\/section>\n\t\t\t\t<section class=\"elementor-section elementor-top-section elementor-element elementor-element-qh7fmgk elementor-section-height-min-height elementor-section-boxed elementor-section-height-default elementor-section-items-middle wpr-particle-no wpr-jarallax-no wpr-parallax-no wpr-sticky-section-no\" data-id=\"qh7fmgk\" data-element_type=\"section\" data-e-type=\"section\">\n\t\t\t\t\t\t<div class=\"elementor-container elementor-column-gap-default\">\n\t\t\t\t\t<div class=\"elementor-column elementor-col-100 elementor-top-column elementor-element elementor-element-827726c\" data-id=\"827726c\" data-element_type=\"column\" data-e-type=\"column\">\n\t\t\t<div class=\"elementor-widget-wrap elementor-element-populated\">\n\t\t\t\t\t\t<div class=\"elementor-element elementor-element-64c0bdc elementor-widget elementor-widget-heading\" data-id=\"64c0bdc\" data-element_type=\"widget\" data-e-type=\"widget\" data-widget_type=\"heading.default\">\n\t\t\t\t<div class=\"elementor-widget-container\">\n\t\t\t\t\t<h2 class=\"elementor-heading-title elementor-size-default\">Notre protocole de covid-19\n<\/h2>\t\t\t\t<\/div>\n\t\t\t\t<\/div>\n\t\t\t\t<div class=\"elementor-element elementor-element-62c257c elementor-widget elementor-widget-text-editor\" data-id=\"62c257c\" data-element_type=\"widget\" data-e-type=\"widget\" data-widget_type=\"text-editor.default\">\n\t\t\t\t<div class=\"elementor-widget-container\">\n\t\t\t\t\t\t\t\t\t<div class=\"column-two-thirds\"><div class=\"content-with-padding post-1098 page type-page status-publish has-post-thumbnail hentry\"><div class=\"the-content\"><p><strong>Votre s\u00e9curit\u00e9\u00a0<\/strong>est notre priorit\u00e9. C\u2019est la raison pour laquelle, suite \u00e0 l\u2019\u00e9pid\u00e9mie de\u00a0<strong>Covid-19<\/strong>, nous nous engageons \u00e0 respecter un\u00a0<strong>protocole de s\u00e9curit\u00e9 sanitaire<\/strong>, avant, pendant et apr\u00e8s votre s\u00e9jour chez nous.<\/p><p><strong>Dans votre chambre :<\/strong><\/p><p><strong>Avant votre arriv\u00e9e\u00a0:<\/strong><\/p><p>Nous faisons<strong>\u00a0le M\u00e9nage complet : A\u00e9ration\u00a0<\/strong>de la chambre \u2013 changement du linge de lit, linge de toilette, tapis de sol \u2013<strong>\u00a0d\u00e9sinfection<\/strong>\u00a0des sanitaires, lavabos, douches, poign\u00e9es (portes, armoires, fen\u00eatre), interrupteurs\u2026 Passage de l\u2019 aspirateur avec nettoyage de filtre apr\u00e8s chaque passage, lavage du sol \u2013 Emploi de lavettes microfibres , lav\u00e9es \u00e0 60\u00b0 tous les jours.<\/p><p><strong>Votre accueil<\/strong>\u00a0:<\/p><p>Nous respectons les\u00a0<strong>gestes barri\u00e8res\u00a0<\/strong>et la distanciation sociale lors de votre arriv\u00e9e.<\/p><p>Du gel hydroalcoolique est mis \u00e0 disposition d\u00e8s l\u2019entr\u00e9e dans la maison.<\/p><p><strong>Pendant votre s\u00e9jour :<\/strong><\/p><p>Si vous avez lou\u00e9 le\u00a0<strong>g\u00eete<\/strong>\u00a0nous n\u2019intervenons pas puisque vous \u00eates autonomes.<\/p><p>Si vous r\u00e9servez en formule \u201c<strong>chambres d\u2019h\u00f4tes<\/strong>\u201d nous n\u2019intervenons durant votre s\u00e9jour que pour vider les poubelles afin de limiter les interactions.<\/p><p>Du savon liquide est disponible dans chaque chambre et du<strong>\u00a0gel hydroalcoolique\u00a0<\/strong>sur le palier commun aux chambres.<\/p><p>Nous avons \u00e9galement\u00a0<strong>des masques jetables\u00a0<\/strong>disponibles \u00e0 la vente (si vous n\u2019avez pas vos masques sur vous).<\/p><p><strong>Dans les parties communes :<\/strong><\/p><p>Nous faisons le m\u00e9nage quotidien\u00a0: \u2013<strong>\u00a0d\u00e9sinfection de tous les points de contact :\u00a0<\/strong>poign\u00e9es, rambardes d\u2019escaliers, interrupteurs\u2026. \u2013 aspirateur avec nettoyage du filtre apr\u00e8s chaque passage \u2013 lavage du sol. Du\u00a0<strong>gel hydroalcoolique<\/strong>\u00a0sera \u00e9galement disponible dans les parties communes.<\/p><p><strong>Les distances seront respect\u00e9es lors du petit d\u00e9jeuner entre chaque groupe (et si vous souhaitez un diner en table d\u2019h\u00f4tes)<\/strong>. Les petits d\u00e9jeuners et diners sont servis \u00e0 table.<\/p><p>Suite \u00e0 l\u2019\u00e9pid\u00e9mie de Covid-19, seules les chambres et leurs acc\u00e8s, et la salle \u00e0 manger durant les repas sont accessibles aux invit\u00e9s. Merci de respecter les espaces priv\u00e9s.<\/p><p>Dans les parties communes, les<strong>\u00a0distances de s\u00e9curit\u00e9<\/strong>\u00a0devront \u00eatre respect\u00e9es.<\/p><p><strong>Espace Piscine :\u00a0<\/strong><\/p><p>Une douche avec savon dans la chambre sera obligatoire avant de rentrer dans l\u2019eau. Merci d\u2019utiliser vos propres serviettes de bain ou de nous solliciter pour en louer.<\/p><p><strong><em>\u00a0<\/em><\/strong><strong>Entretien du linge :<\/strong><\/p><p>Nous proc\u00e9dons au lavage du linge de lit, des serviettes de toilette et draps de bain \u00e0 60\u00b0 \u00e0 la fin de votre s\u00e9jour.<\/p><p>Nous vous attendons dans un\u00a0<strong>environnement sain et s\u00e9curitaire<\/strong>.<\/p><p><strong>Au plaisir de vous recevoir bient\u00f4t\u2026<\/strong><\/p><\/div><\/div><\/div><div class=\"sidebar column-one-third\"><div id=\"text-14\" class=\"widget widget_text\"><div class=\"textwidget\"><div id=\"hbook-booking-form-1\" class=\"hbook-wrapper hbook-wrapper-booking-form\" data-status=\"\" data-page-accom-id=\"\" data-current-page-id=\"1090\" data-exists-main-booking-form=\"no\" data-force-display-thumb=\"no\" data-force-display-desc=\"no\" data-results-show-only-accom-id=\"\" data-booking-rules=\"{&quot;allowed_check_in_days&quot;:&quot;all&quot;,&quot;allowed_check_out_days&quot;:&quot;all&quot;,&quot;minimum_stay&quot;:&quot;1&quot;,&quot;maximum_stay&quot;:&quot;9999&quot;,&quot;seasonal_allowed_check_in_days&quot;:[],&quot;seasonal_allowed_check_out_days&quot;:[],&quot;seasonal_minimum_stay&quot;:[],&quot;seasonal_maximum_stay&quot;:[],&quot;conditional_booking_rules&quot;:[]}\">\u00a0<\/div><\/div><\/div><\/div>\t\t\t\t\t\t\t\t<\/div>\n\t\t\t\t<\/div>\n\t\t\t\t\t<\/div>\n\t\t<\/div>\n\t\t\t\t\t<\/div>\n\t\t<\/section>\n\t\t\t\t<\/div>\n\t\t","protected":false},"excerpt":{"rendered":"<p>Notre protocole de covid-19 Notre protocole de covid-19 Votre s\u00e9curit\u00e9\u00a0est notre priorit\u00e9. C\u2019est la raison pour laquelle, suite \u00e0 l\u2019\u00e9pid\u00e9mie de\u00a0Covid-19, nous nous engageons \u00e0 respecter un\u00a0protocole de s\u00e9curit\u00e9 sanitaire, avant, pendant et apr\u00e8s votre s\u00e9jour chez nous. Dans votre chambre : Avant votre arriv\u00e9e\u00a0: Nous faisons\u00a0le M\u00e9nage complet : A\u00e9ration\u00a0de la chambre \u2013 changement du linge de lit, linge de toilette, tapis de sol \u2013\u00a0d\u00e9sinfection\u00a0des sanitaires, lavabos, douches, poign\u00e9es (portes, armoires, fen\u00eatre), interrupteurs\u2026 Passage de l\u2019 aspirateur avec nettoyage de filtre apr\u00e8s chaque passage, lavage du sol \u2013 Emploi de lavettes microfibres , lav\u00e9es \u00e0 60\u00b0 tous les jours. Votre accueil\u00a0: Nous respectons les\u00a0gestes barri\u00e8res\u00a0et la distanciation sociale lors de votre arriv\u00e9e. Du gel hydroalcoolique est mis \u00e0 disposition d\u00e8s l\u2019entr\u00e9e dans la maison. Pendant votre s\u00e9jour : Si vous avez lou\u00e9 le\u00a0g\u00eete\u00a0nous n\u2019intervenons pas puisque vous \u00eates autonomes. Si vous r\u00e9servez en formule \u201cchambres d\u2019h\u00f4tes\u201d nous n\u2019intervenons durant votre s\u00e9jour que pour vider les poubelles afin de limiter les interactions. Du savon liquide est disponible dans chaque chambre et du\u00a0gel hydroalcoolique\u00a0sur le palier commun aux chambres. Nous avons \u00e9galement\u00a0des masques jetables\u00a0disponibles \u00e0 la vente (si vous n\u2019avez pas vos masques sur vous). Dans les parties communes : Nous faisons le m\u00e9nage quotidien\u00a0: \u2013\u00a0d\u00e9sinfection de tous les points de contact :\u00a0poign\u00e9es, rambardes d\u2019escaliers, interrupteurs\u2026. \u2013 aspirateur avec nettoyage du filtre apr\u00e8s chaque passage \u2013 lavage du sol. Du\u00a0gel hydroalcoolique\u00a0sera \u00e9galement disponible dans les parties communes. Les distances seront respect\u00e9es lors du petit d\u00e9jeuner entre chaque groupe (et si vous souhaitez un diner en table d\u2019h\u00f4tes). Les petits d\u00e9jeuners et diners sont servis \u00e0 table. Suite \u00e0 l\u2019\u00e9pid\u00e9mie de Covid-19, seules les chambres et leurs acc\u00e8s, et la salle \u00e0 manger durant les repas sont accessibles aux invit\u00e9s. Merci de respecter les espaces priv\u00e9s. Dans les parties communes, les\u00a0distances de s\u00e9curit\u00e9\u00a0devront \u00eatre respect\u00e9es. Espace Piscine :\u00a0 Une douche avec savon dans la chambre sera obligatoire avant de rentrer dans l\u2019eau. Merci d\u2019utiliser vos propres serviettes de bain ou de nous solliciter pour en louer. \u00a0Entretien du linge : Nous proc\u00e9dons au lavage du linge de lit, des serviettes de toilette et draps de bain \u00e0 60\u00b0 \u00e0 la fin de votre s\u00e9jour. Nous vous attendons dans un\u00a0environnement sain et s\u00e9curitaire. Au plaisir de vous recevoir bient\u00f4t\u2026 \u00a0<\/p>\n","protected":false},"author":1,"featured_media":0,"parent":0,"menu_order":0,"comment_status":"closed","ping_status":"closed","template":"","meta":{"footnotes":""},"class_list":["post-5283","page","type-page","status-publish","hentry"],"_links":{"self":[{"href":"https:\/\/saintseverdespyrenees.com\/index.php?rest_route=\/wp\/v2\/pages\/5283","targetHints":{"allow":["GET"]}}],"collection":[{"href":"https:\/\/saintseverdespyrenees.com\/index.php?rest_route=\/wp\/v2\/pages"}],"about":[{"href":"https:\/\/saintseverdespyrenees.com\/index.php?rest_route=\/wp\/v2\/types\/page"}],"author":[{"embeddable":true,"href":"https:\/\/saintseverdespyrenees.com\/index.php?rest_route=\/wp\/v2\/users\/1"}],"replies":[{"embeddable":true,"href":"https:\/\/saintseverdespyrenees.com\/index.php?rest_route=%2Fwp%2Fv2%2Fcomments&post=5283"}],"version-history":[{"count":1,"href":"https:\/\/saintseverdespyrenees.com\/index.php?rest_route=\/wp\/v2\/pages\/5283\/revisions"}],"predecessor-version":[{"id":5436,"href":"https:\/\/saintseverdespyrenees.com\/index.php?rest_route=\/wp\/v2\/pages\/5283\/revisions\/5436"}],"wp:attachment":[{"href":"https:\/\/saintseverdespyrenees.com\/index.php?rest_route=%2Fwp%2Fv2%2Fmedia&parent=5283"}],"curies":[{"name":"wp","href":"https:\/\/api.w.org\/{rel}","templated":true}]}}