{"id":5351,"date":"2022-11-29T06:42:54","date_gmt":"2022-11-29T06:42:54","guid":{"rendered":"https:\/\/demo2.cloudwp.dev\/trial-0tt28w63\/?page_id=5351"},"modified":"2022-12-03T05:12:45","modified_gmt":"2022-12-03T05:12:45","slug":"new-fr-the-area","status":"publish","type":"page","link":"https:\/\/saintseverdespyrenees.com\/?page_id=5351","title":{"rendered":"(new) (FR) The Area"},"content":{"rendered":"\t\t<div data-elementor-type=\"wp-page\" data-elementor-id=\"5351\" class=\"elementor elementor-5351\">\n\t\t\t\t\t\t<section class=\"elementor-section elementor-top-section elementor-element elementor-element-i9lupce elementor-section-content-middle elementor-section-height-min-height elementor-section-boxed elementor-section-height-default elementor-section-items-middle wpr-particle-no wpr-jarallax-no wpr-parallax-no wpr-sticky-section-no wpr-equal-height-no\" data-id=\"i9lupce\" data-element_type=\"section\" data-e-type=\"section\" data-settings=\"{&quot;background_background&quot;:&quot;classic&quot;}\">\n\t\t\t\t\t\t\t<div class=\"elementor-background-overlay\"><\/div>\n\t\t\t\t\t\t\t<div class=\"elementor-container elementor-column-gap-default\">\n\t\t\t\t\t<div class=\"elementor-column elementor-col-100 elementor-top-column elementor-element elementor-element-6ed6cac\" data-id=\"6ed6cac\" data-element_type=\"column\" data-e-type=\"column\">\n\t\t\t<div class=\"elementor-widget-wrap elementor-element-populated\">\n\t\t\t\t\t\t<div class=\"elementor-element elementor-element-285c924 elementor-widget elementor-widget-heading\" data-id=\"285c924\" data-element_type=\"widget\" data-e-type=\"widget\" data-widget_type=\"heading.default\">\n\t\t\t\t<div class=\"elementor-widget-container\">\n\t\t\t\t\t<h1 class=\"elementor-heading-title elementor-size-default\">Les Environs\n<\/h1>\t\t\t\t<\/div>\n\t\t\t\t<\/div>\n\t\t\t\t\t<\/div>\n\t\t<\/div>\n\t\t\t\t\t<\/div>\n\t\t<\/section>\n\t\t\t\t<section class=\"elementor-section elementor-top-section elementor-element elementor-element-6be6553 elementor-section-height-min-height elementor-section-boxed elementor-section-height-default elementor-section-items-middle wpr-particle-no wpr-jarallax-no wpr-parallax-no wpr-sticky-section-no wpr-equal-height-no\" data-id=\"6be6553\" data-element_type=\"section\" data-e-type=\"section\">\n\t\t\t\t\t\t<div class=\"elementor-container elementor-column-gap-default\">\n\t\t\t\t\t<div class=\"elementor-column elementor-col-100 elementor-top-column elementor-element elementor-element-6f83064\" data-id=\"6f83064\" data-element_type=\"column\" data-e-type=\"column\">\n\t\t\t<div class=\"elementor-widget-wrap elementor-element-populated\">\n\t\t\t\t\t\t<div class=\"elementor-element elementor-element-6e17b2d elementor-widget elementor-widget-heading\" data-id=\"6e17b2d\" data-element_type=\"widget\" data-e-type=\"widget\" data-widget_type=\"heading.default\">\n\t\t\t\t<div class=\"elementor-widget-container\">\n\t\t\t\t\t<h2 class=\"elementor-heading-title elementor-size-default\">Le village de Saint Sever de Rustan et son Abbaye\n<\/h2>\t\t\t\t<\/div>\n\t\t\t\t<\/div>\n\t\t\t\t<div class=\"elementor-element elementor-element-9807da0 elementor-widget elementor-widget-video\" data-id=\"9807da0\" data-element_type=\"widget\" data-e-type=\"widget\" data-settings=\"{&quot;youtube_url&quot;:&quot;https:\\\/\\\/www.youtube.com\\\/watch?v=KbqC4vZ43GI&amp;ab_channel=FLY-VIDEOMdrones&quot;,&quot;video_type&quot;:&quot;youtube&quot;,&quot;controls&quot;:&quot;yes&quot;}\" data-widget_type=\"video.default\">\n\t\t\t\t<div class=\"elementor-widget-container\">\n\t\t\t\t\t\t\t<div class=\"elementor-wrapper elementor-open-inline\">\n\t\t\t<div class=\"elementor-video\"><\/div>\t\t<\/div>\n\t\t\t\t\t\t<\/div>\n\t\t\t\t<\/div>\n\t\t\t\t\t<\/div>\n\t\t<\/div>\n\t\t\t\t\t<\/div>\n\t\t<\/section>\n\t\t\t\t<section class=\"elementor-section elementor-top-section elementor-element elementor-element-e7ef779 elementor-section-boxed elementor-section-height-default elementor-section-height-default wpr-particle-no wpr-jarallax-no wpr-parallax-no wpr-sticky-section-no wpr-equal-height-no\" data-id=\"e7ef779\" data-element_type=\"section\" data-e-type=\"section\">\n\t\t\t\t\t\t<div class=\"elementor-container elementor-column-gap-default\">\n\t\t\t\t\t<div class=\"elementor-column elementor-col-100 elementor-top-column elementor-element elementor-element-1a7aaed\" data-id=\"1a7aaed\" data-element_type=\"column\" data-e-type=\"column\">\n\t\t\t<div class=\"elementor-widget-wrap elementor-element-populated\">\n\t\t\t\t\t\t<section class=\"elementor-section elementor-inner-section elementor-element elementor-element-62e8a12 elementor-section-boxed elementor-section-height-default elementor-section-height-default wpr-particle-no wpr-jarallax-no wpr-parallax-no wpr-sticky-section-no wpr-equal-height-no\" data-id=\"62e8a12\" data-element_type=\"section\" data-e-type=\"section\">\n\t\t\t\t\t\t<div class=\"elementor-container elementor-column-gap-default\">\n\t\t\t\t\t<div class=\"elementor-column elementor-col-50 elementor-inner-column elementor-element elementor-element-8fcbb14\" data-id=\"8fcbb14\" data-element_type=\"column\" data-e-type=\"column\">\n\t\t\t<div class=\"elementor-widget-wrap elementor-element-populated\">\n\t\t\t\t\t\t<div class=\"elementor-element elementor-element-a702729 eael-infobox-content-align--left eael-infobox-shape-radius eael-infobox-hover-img-shape-square elementor-widget elementor-widget-eael-info-box\" data-id=\"a702729\" data-element_type=\"widget\" data-e-type=\"widget\" data-widget_type=\"eael-info-box.default\">\n\t\t\t\t<div class=\"elementor-widget-container\">\n\t\t\t\t\t        <div class=\"eael-infobox icon-on-top\">\n\t            <div class=\"infobox-icon\">\n\n                            <img decoding=\"async\" src=\"https:\/\/saintseverdespyrenees.com\/wp-content\/uploads\/elementor\/thumbs\/abbey-1024x449-1-pylroebxrdz7lwttpwzynwctvhgizy711jag0dlzts.jpg\" alt=\"\">\n            \n            \n            \n        <\/div>\n            <div class=\"infobox-content\">\n                    <div class=\"infobox-title-section\">\n                <h2 class=\"title\">Saint Sever de Rustan<\/h2>            <\/div>\n            <div><p>Notre chambre d\u2019h\u00f4tes \u00ab\u00a0Saint Sever des Pyr\u00e9n\u00e9es\u00a0\u00bb est situ\u00e9e \u00e0 la limite du village de Saint Sever de Rustan dans le nord du d\u00e9partement 65, les Hautes Pyr\u00e9n\u00e9es. Saint Sever de Rustan est connu dans toute la r\u00e9gion principalement pour son abbaye m\u00e9di\u00e9vale. C\u2019est un petit village, d\u2019une population de 173 personnes, nich\u00e9 dans des [\u2026]<\/p><\/div>        <div class=\"infobox-button\">\n            <a class=\"eael-infobox-button\" href=\"https:\/\/saintseverdespyrenees.com\/?page_id=5065&#038;lang=fr\">\n                                                <span class=\"infobox-button-text\">Lire plus<\/span>\n                            <\/a>\n        <\/div>\n            <\/div>\n            <\/div>\n\n\t\t\t\t\t\t<\/div>\n\t\t\t\t<\/div>\n\t\t\t\t\t<\/div>\n\t\t<\/div>\n\t\t\t\t<div class=\"elementor-column elementor-col-50 elementor-inner-column elementor-element elementor-element-cb96151\" data-id=\"cb96151\" data-element_type=\"column\" data-e-type=\"column\">\n\t\t\t<div class=\"elementor-widget-wrap elementor-element-populated\">\n\t\t\t\t\t\t<div class=\"elementor-element elementor-element-367a963 eael-infobox-content-align--left eael-infobox-shape-radius eael-infobox-hover-img-shape-square elementor-widget elementor-widget-eael-info-box\" data-id=\"367a963\" data-element_type=\"widget\" data-e-type=\"widget\" data-widget_type=\"eael-info-box.default\">\n\t\t\t\t<div class=\"elementor-widget-container\">\n\t\t\t\t\t        <div class=\"eael-infobox icon-on-top\">\n\t            <div class=\"infobox-icon\">\n\n                            <img decoding=\"async\" src=\"https:\/\/saintseverdespyrenees.com\/wp-content\/uploads\/elementor\/thumbs\/marche-grands-lacs-bisca-1600x533-1-pylrl6pserkxxvhrh10un7j4t3adp6g1ln1pzcdf34.jpg\" alt=\"\">\n            \n            \n            \n        <\/div>\n            <div class=\"infobox-content\">\n                    <div class=\"infobox-title-section\">\n                <h2 class=\"title\">Les March\u00e9s \u00e0 Cot\u00e9<\/h2>            <\/div>\n            <div><p>Les March\u00e9s La plupart des villes de la r\u00e9gion ont un march\u00e9 hebdomadaire, parfois m\u00eame deux fois par semaine. Il n\u2019y a rien de plus color\u00e9 et anim\u00e9 que le jour du march\u00e9 en France, alors assurez-vous d\u2019ajouter au moins un jour de march\u00e9 \u00e0 votre calendrier de vacances, m\u00eame si vous n\u2019achetez rien (mais [\u2026]<\/p><\/div>        <div class=\"infobox-button\">\n            <a class=\"eael-infobox-button\" href=\"https:\/\/saintseverdespyrenees.com\/?page_id=5076&#038;lang=fr\">\n                                                <span class=\"infobox-button-text\">Lire plus<\/span>\n                            <\/a>\n        <\/div>\n            <\/div>\n            <\/div>\n\n\t\t\t\t\t\t<\/div>\n\t\t\t\t<\/div>\n\t\t\t\t\t<\/div>\n\t\t<\/div>\n\t\t\t\t\t<\/div>\n\t\t<\/section>\n\t\t\t\t\t<\/div>\n\t\t<\/div>\n\t\t\t\t\t<\/div>\n\t\t<\/section>\n\t\t\t\t<\/div>\n\t\t","protected":false},"excerpt":{"rendered":"<p>Les Environs Le village de Saint Sever de Rustan et son Abbaye Saint Sever de Rustan Notre chambre d\u2019h\u00f4tes \u00ab\u00a0Saint Sever des Pyr\u00e9n\u00e9es\u00a0\u00bb est situ\u00e9e \u00e0 la limite du village de Saint Sever de Rustan dans le nord du d\u00e9partement 65, les Hautes Pyr\u00e9n\u00e9es. Saint Sever de Rustan est connu dans toute la r\u00e9gion principalement pour son abbaye m\u00e9di\u00e9vale. C\u2019est un petit village, d\u2019une population de 173 personnes, nich\u00e9 dans des [\u2026] Lire plus Les March\u00e9s \u00e0 Cot\u00e9 Les March\u00e9s La plupart des villes de la r\u00e9gion ont un march\u00e9 hebdomadaire, parfois m\u00eame deux fois par semaine. Il n\u2019y a rien de plus color\u00e9 et anim\u00e9 que le jour du march\u00e9 en France, alors assurez-vous d\u2019ajouter au moins un jour de march\u00e9 \u00e0 votre calendrier de vacances, m\u00eame si vous n\u2019achetez rien (mais [\u2026] Lire plus<\/p>\n","protected":false},"author":1,"featured_media":0,"parent":0,"menu_order":0,"comment_status":"closed","ping_status":"closed","template":"","meta":{"footnotes":""},"class_list":["post-5351","page","type-page","status-publish","hentry"],"_links":{"self":[{"href":"https:\/\/saintseverdespyrenees.com\/index.php?rest_route=\/wp\/v2\/pages\/5351","targetHints":{"allow":["GET"]}}],"collection":[{"href":"https:\/\/saintseverdespyrenees.com\/index.php?rest_route=\/wp\/v2\/pages"}],"about":[{"href":"https:\/\/saintseverdespyrenees.com\/index.php?rest_route=\/wp\/v2\/types\/page"}],"author":[{"embeddable":true,"href":"https:\/\/saintseverdespyrenees.com\/index.php?rest_route=\/wp\/v2\/users\/1"}],"replies":[{"embeddable":true,"href":"https:\/\/saintseverdespyrenees.com\/index.php?rest_route=%2Fwp%2Fv2%2Fcomments&post=5351"}],"version-history":[{"count":5,"href":"https:\/\/saintseverdespyrenees.com\/index.php?rest_route=\/wp\/v2\/pages\/5351\/revisions"}],"predecessor-version":[{"id":5535,"href":"https:\/\/saintseverdespyrenees.com\/index.php?rest_route=\/wp\/v2\/pages\/5351\/revisions\/5535"}],"wp:attachment":[{"href":"https:\/\/saintseverdespyrenees.com\/index.php?rest_route=%2Fwp%2Fv2%2Fmedia&parent=5351"}],"curies":[{"name":"wp","href":"https:\/\/api.w.org\/{rel}","templated":true}]}}